{"id":159,"date":"2025-08-29T21:07:39","date_gmt":"2025-08-29T19:07:39","guid":{"rendered":"https:\/\/preview.soultrain-munich.com\/?page_id=159"},"modified":"2026-03-08T21:33:24","modified_gmt":"2026-03-08T20:33:24","slug":"startseite","status":"publish","type":"page","link":"https:\/\/soultrain-munich.com\/de\/","title":{"rendered":"Landing Page"},"content":{"rendered":"<div class=\"wp-block-cover alignfull is-light wp-duotone-unset-2\" style=\"padding-top:var(--wp--preset--spacing--60);padding-bottom:var(--wp--preset--spacing--60)\"><video class=\"wp-block-cover__video-background intrinsic-ignore\" autoplay muted loop playsinline src=\"https:\/\/soultrain-munich.com\/wp-content\/uploads\/2025\/12\/Soultrain-Video-Studio-16x9-1.mp4\" data-object-fit=\"cover\"><\/video><span aria-hidden=\"true\" class=\"wp-block-cover__background has-contrast-background-color has-background-dim\"><\/span><div class=\"wp-block-cover__inner-container is-layout-flow wp-block-cover-is-layout-flow\">\n<div class=\"wp-block-columns alignwide are-vertically-aligned-center is-layout-flex wp-container-core-columns-is-layout-b2864ded wp-block-columns-is-layout-flex\" style=\"margin-top:0;margin-bottom:0;padding-top:0;padding-bottom:0\">\n<div class=\"wp-block-column is-vertically-aligned-center is-layout-flow wp-block-column-is-layout-flow\" style=\"padding-right:var(--wp--preset--spacing--30);padding-left:var(--wp--preset--spacing--30);flex-basis:100%\">\n<div class=\"wp-block-group is-vertical is-content-justification-left is-layout-flex wp-container-core-group-is-layout-936a6b58 wp-block-group-is-layout-flex\" style=\"min-height:0%;padding-right:0;padding-left:0\">\n<h2 class=\"wp-block-heading has-base-color has-text-color has-link-color has-kanit-font-family wp-elements-eeeadaefe2540ccae86f0ce68781f53f\" style=\"font-size:clamp(2.244rem, 2.244rem + ((1vw - 0.2rem) * 3.093), 4.1rem);font-style:normal;font-weight:600;line-height:0.8\">SOULTRAIN | LAGREE<\/h2>\n\n\n\n<p class=\"has-base-2-color has-text-color has-link-color has-small-font-size wp-elements-284b08464f5e40e34b5d6970e86e0842\" style=\"margin-right:0;margin-left:0\">We&#8217;re the only studio in town with Mega Pro&#8217;s directly in the \u2764 of Munich<\/p>\n\n\n\n<div class=\"wp-block-group has-global-padding is-content-justification-left is-layout-constrained wp-container-core-group-is-layout-7cef470d wp-block-group-is-layout-constrained\">\n<div class=\"wp-block-buttons has-custom-font-size is-layout-flex wp-container-core-buttons-is-layout-5de8b63a wp-block-buttons-is-layout-flex\" style=\"margin-top:0;margin-bottom:0;padding-top:var(--wp--preset--spacing--20);padding-bottom:var(--wp--preset--spacing--20);font-size:0.8rem\">\n<div class=\"wp-block-button is-style-fill\"><a class=\"wp-block-button__link has-contrast-color has-base-2-background-color has-text-color has-background has-link-color wp-element-button\" href=\"https:\/\/soultrain-munich.com\/de\/about-lagree\/\">\u00dcber Lagree<\/a><\/div>\n\n\n\n<div class=\"wp-block-button is-style-outline is-style-outline--1\"><a class=\"wp-block-button__link has-base-2-color has-text-color has-link-color wp-element-button\" href=\"https:\/\/backoffice.bsport.io\/m\/Soultrain\/4565\/calendar\/?isPreview=true\" style=\"border-width:2px;border-radius:5px\">Book now!<\/a><\/div>\n<\/div>\n<\/div>\n<\/div>\n<\/div>\n<\/div>\n<\/div><\/div>\n\n\n\n<div class=\"wp-block-group alignfull has-background has-global-padding is-layout-constrained wp-container-core-group-is-layout-d89aad35 wp-block-group-is-layout-constrained\" style=\"background-color:#f8edd9;margin-top:0;margin-bottom:0;padding-top:var(--wp--preset--spacing--50);padding-right:var(--wp--preset--spacing--50);padding-bottom:var(--wp--preset--spacing--50);padding-left:var(--wp--preset--spacing--50)\">\n<div class=\"wp-block-columns alignwide is-layout-flex wp-container-core-columns-is-layout-44d0e648 wp-block-columns-is-layout-flex\" style=\"padding-right:0;padding-left:0\">\n<div class=\"wp-block-column is-vertically-aligned-center is-layout-flow wp-container-core-column-is-layout-e3d1c41b wp-block-column-is-layout-flow\" style=\"flex-basis:60%\">\n<p class=\"has-drop-cap has-heading-font-family\" style=\"font-size:clamp(1.039rem, 1.039rem + ((1vw - 0.2rem) * 0.935), 1.6rem);line-height:1.2\"><em>Soultrain wurde mit einem klaren Ziel gegr\u00fcndet: Dich in jeder Hinsicht st\u00e4rker zu machen. In unserem Lagree Fitnessstudio in der Maxvorstadt in M\u00fcnchen steht effektives Training ohne Gelenkbelastung im Mittelpunkt. Unsere Reformer-Pilates-Workouts fordern deinen K\u00f6rper heraus, sch\u00fctzen ihn gleichzeitig und bieten dir eine nachhaltige Methode, die dich langfristig unterst\u00fctzt.<\/em>.<\/p>\n\n\n\n<p class=\"has-text-align-left\" style=\"font-size:clamp(0.875rem, 0.875rem + ((1vw - 0.2rem) * 0.542), 1.2rem);\">Hier geht es in jedem Workout um mehr als nur Training. Es geht um K\u00f6rpergef\u00fchl, Ausdauer und Energie, die du auch au\u00dferhalb des Megaformers mitnimmst. Unser Team unterst\u00fctzt dich dabei, dich zu fordern und zu motivieren \u2013 damit du st\u00e4rker und stolz auf deine Leistung nach Hause gehst.<\/p>\n\n\n\n<div class=\"wp-block-buttons is-layout-flex wp-block-buttons-is-layout-flex\">\n<div class=\"wp-block-button\"><a class=\"wp-block-button__link wp-element-button\" href=\"https:\/\/backoffice.bsport.io\/m\/Soultrain\/4565\/calendar\/?isPreview=true\" target=\"_blank\" rel=\"noreferrer noopener\">Save your spot!<\/a><\/div>\n<\/div>\n<\/div>\n\n\n\n<div class=\"wp-block-column is-layout-flow wp-block-column-is-layout-flow\" style=\"padding-right:0;padding-left:0;flex-basis:50%\">\n<figure class=\"wp-block-image aligncenter size-large is-resized\"><img loading=\"lazy\" decoding=\"async\" width=\"683\" height=\"1024\" src=\"https:\/\/soultrain-munich.com\/wp-content\/uploads\/2025\/12\/SoultrainStudio-@ninimrtz-52-683x1024.jpg\" alt=\"Lagree Trainer performs training on Mega Pro.\" class=\"wp-image-228\" style=\"aspect-ratio:0.6669933250744227;width:389px;height:auto\" srcset=\"https:\/\/soultrain-munich.com\/wp-content\/uploads\/2025\/12\/SoultrainStudio-@ninimrtz-52-683x1024.jpg 683w, https:\/\/soultrain-munich.com\/wp-content\/uploads\/2025\/12\/SoultrainStudio-@ninimrtz-52-200x300.jpg 200w, https:\/\/soultrain-munich.com\/wp-content\/uploads\/2025\/12\/SoultrainStudio-@ninimrtz-52-768x1151.jpg 768w, https:\/\/soultrain-munich.com\/wp-content\/uploads\/2025\/12\/SoultrainStudio-@ninimrtz-52-1025x1536.jpg 1025w\" sizes=\"auto, (max-width: 683px) 100vw, 683px\" \/><\/figure>\n<\/div>\n<\/div>\n<\/div>\n\n\n\n<div class=\"wp-block-group alignfull has-background has-global-padding is-layout-constrained wp-container-core-group-is-layout-d89aad35 wp-block-group-is-layout-constrained\" style=\"background-color:#f8edd9;margin-top:0;margin-bottom:0;padding-top:var(--wp--preset--spacing--50);padding-right:var(--wp--preset--spacing--50);padding-bottom:var(--wp--preset--spacing--50);padding-left:var(--wp--preset--spacing--50)\">\n<div class=\"wp-block-columns alignwide is-layout-flex wp-container-core-columns-is-layout-44d0e648 wp-block-columns-is-layout-flex\" style=\"padding-right:0;padding-left:0\">\n<div class=\"wp-block-column is-layout-flow wp-block-column-is-layout-flow\" style=\"padding-right:0;padding-left:0;flex-basis:60%\">\n<iframe\n  src=\"https:\/\/www.google.com\/maps\/embed?pb=!1m18!1m12!1m3!1d3066.594648725481!2d11.552166156446862!3d48.14909725053128!2m3!1f0!2f0!3f0!3m2!1i1024!2i768!4f13.1!3m3!1m2!1s0x479e77ae88b2fc35%3A0xf00ed5212b5f6a7f!2sSoultrain!5e0!3m2!1sde!2sde!4v1764789176128!5m2!1sde!2sde\"\n  style=\"border:0;width:100%;height:300px;\"\n  allowfullscreen\n loading=\"lazy\"\n  referrerpolicy=\"no-referrer-when-downgrade\"\n><\/iframe>\n<\/div>\n\n\n\n<div class=\"wp-block-column is-vertically-aligned-top is-layout-flow wp-container-core-column-is-layout-e3d1c41b wp-block-column-is-layout-flow\" style=\"flex-basis:60%\">\n<p class=\"has-heading-font-family\" style=\"font-size:clamp(1.039rem, 1.039rem + ((1vw - 0.2rem) * 0.935), 1.6rem);line-height:1.2\"><strong>Dein Lagree Studio in M\u00fcnchen<\/strong><\/p>\n\n\n\n<p class=\"has-text-align-left\" style=\"font-size:clamp(0.875rem, 0.875rem + ((1vw - 0.2rem) * 0.542), 1.2rem);\">Bei Soultrain erwartet dich eine warme Atmosph\u00e4re und ein authentisches Lagree-Workout. Wir sind das einzige Studio in M\u00fcnchen mit Mega Pros. \nUns findest du in der Erzgie\u00dfereistra\u00dfe 1, 80335 M\u00fcnchen (Maxvorstadt), nur wenige Gehminuten vom Stiglmaierplatz entfernt.<\/p>\n\n\n\n<div class=\"wp-block-buttons is-layout-flex wp-block-buttons-is-layout-flex\">\n<div class=\"wp-block-button\"><a class=\"wp-block-button__link wp-element-button\" href=\"https:\/\/backoffice.bsport.io\/m\/Soultrain\/4565\/calendar\/?isPreview=true\" target=\"_blank\" rel=\"noreferrer noopener\">Training buchen<\/a><\/div>\n\n\n\n<div class=\"wp-block-button\"><a class=\"wp-block-button__link wp-element-button\">Wegbeschreibung<\/a><\/div>\n<\/div>\n<\/div>\n<\/div>\n<\/div>\n\n\n\n<div class=\"wp-block-group alignfull has-background has-global-padding is-content-justification-center is-layout-constrained wp-container-core-group-is-layout-ca7ebe2d wp-block-group-is-layout-constrained\" style=\"background-color:#f8edd9;padding-top:0;padding-right:var(--wp--preset--spacing--50);padding-bottom:0;padding-left:var(--wp--preset--spacing--50)\">\n<h2 class=\"wp-block-heading is-style-default has-background has-x-large-font-size\" style=\"background-color:#f8edd9\">Jetzt DEIN Workout buchen<\/h2>\n\n\n\n<p class=\"has-medium-font-size\">                       Beginne zu <strong>SHAKEN<\/strong><\/p>\n<\/div>\n\n\n\n<div class=\"wp-block-group alignfull has-background has-global-padding is-layout-constrained wp-container-core-group-is-layout-8dd13e6d wp-block-group-is-layout-constrained\" style=\"background-color:#f8edd9;padding-right:var(--wp--preset--spacing--60);padding-left:var(--wp--preset--spacing--60)\">\n<script id=\"insert-bsport-widget-cdn\">!function (b, s, p, o, r, t) { !typeof window.BsportWidget !== \"undefined\" && !document.getElementById(\"bsport-widget-cdn\") && !function () { m = b.createElement(s), m.id = \"bsport-widget-cdn\", m.src = p, b.getElementsByTagName(\"head\")[0].appendChild(m) }() }(document, \"script\", \"https:\/\/cdn.bsport.io\/scripts\/widget.js\")<\/script>\n    <script id=\"bsport-widget-mount\">\n        function MountBsportWidget(config, repeat=1) {\n            if (repeat > 50) { return }\n            if (!window.BsportWidget) {\n                return setTimeout(() => {\n                    MountBsportWidget(config,repeat+1)\n                }, 100 * repeat || 1)\n            }\n            BsportWidget.mount(config)\n        }\n    <\/script>\n    <script>\n        MountBsportWidget({\n                \"parentElement\": \"bsport-widget-14164\",\n                \"companyId\": 4565,\n                \"franchiseId\": null,\n                \"dialogMode\": 1,\n                \"widgetType\": \"calendar\", \n                \"showFab\": false,\n                \"fullScreenPopup\": false,\n                \"styles\":undefined,\n                \"config\": {\n                    \"calendar\": {}\n                }  \n            })\n    <\/script>\n<div id=\"bsport-widget-14164\"><\/div>\n<\/div>\n\n\n\n<p><\/p>","protected":false},"excerpt":{"rendered":"<p>Soultrain was built with one clear purpose: to make you stronger in every way that matters. We believe fitness should challenge your body while protecting it \u2014 no harsh impact on your joints, no quick fixes, just a sustainable way of moving that supports you long term. Here, every class is about more than exercise. [&hellip;]<\/p>","protected":false},"author":1,"featured_media":0,"parent":0,"menu_order":0,"comment_status":"closed","ping_status":"closed","template":"page-no-title","meta":{"om_disable_all_campaigns":false,"_monsterinsights_skip_tracking":false,"_monsterinsights_sitenote_active":false,"_monsterinsights_sitenote_note":"","_monsterinsights_sitenote_category":0,"footnotes":""},"class_list":["post-159","page","type-page","status-publish","hentry"],"aioseo_notices":[],"_links":{"self":[{"href":"https:\/\/soultrain-munich.com\/de\/wp-json\/wp\/v2\/pages\/159","targetHints":{"allow":["GET"]}}],"collection":[{"href":"https:\/\/soultrain-munich.com\/de\/wp-json\/wp\/v2\/pages"}],"about":[{"href":"https:\/\/soultrain-munich.com\/de\/wp-json\/wp\/v2\/types\/page"}],"author":[{"embeddable":true,"href":"https:\/\/soultrain-munich.com\/de\/wp-json\/wp\/v2\/users\/1"}],"replies":[{"embeddable":true,"href":"https:\/\/soultrain-munich.com\/de\/wp-json\/wp\/v2\/comments?post=159"}],"version-history":[{"count":33,"href":"https:\/\/soultrain-munich.com\/de\/wp-json\/wp\/v2\/pages\/159\/revisions"}],"predecessor-version":[{"id":304,"href":"https:\/\/soultrain-munich.com\/de\/wp-json\/wp\/v2\/pages\/159\/revisions\/304"}],"wp:attachment":[{"href":"https:\/\/soultrain-munich.com\/de\/wp-json\/wp\/v2\/media?parent=159"}],"curies":[{"name":"wp","href":"https:\/\/api.w.org\/{rel}","templated":true}]}}