{"id":176,"date":"2025-08-30T18:51:35","date_gmt":"2025-08-30T16:51:35","guid":{"rendered":"https:\/\/preview.soultrain-munich.com\/?page_id=176"},"modified":"2025-08-30T18:51:35","modified_gmt":"2025-08-30T16:51:35","slug":"impressum","status":"publish","type":"page","link":"https:\/\/soultrain-munich.com\/de\/impressum\/","title":{"rendered":"Impressum"},"content":{"rendered":"<h2 class=\"wp-block-heading\" id=\"m46\">Diensteanbieter<\/h2>\n\n\n\n<p>Soultrain<br>Erzgie\u00dfereistra\u00dfe 1<br>80335 M\u00fcnchen<\/p>\n\n\n\n<p>Deutschland<\/p>\n\n\n\n<h2 class=\"wp-block-heading\" id=\"m56\">Kontaktm\u00f6glichkeiten<\/h2>\n\n\n\n<p>E-Mail-Adresse: hello@soultrain-munich.com<\/p>\n\n\n\n<p>Telefon: +49 1520 2574930<\/p>\n\n\n\n<h2 class=\"wp-block-heading\" id=\"m153\">Vertretungsberechtigte Personen<\/h2>\n\n\n\n<p>Vertretungsberechtigt: Marie Neubauer (Gesch\u00e4ftsf\u00fchrerin)<\/p>\n\n\n\n<h2 class=\"wp-block-heading\" id=\"m58\">Angaben zum Unternehmen<\/h2>\n\n\n\n<p>Umsatzsteuer Identifikationsnummer (USt-ID): DE452615870<\/p>\n\n\n\n<p>Wirtschafts-Identifikationsnummer (W-IdNr): DE452615870<\/p>\n\n\n\n<p>Wir sind nicht bereit und nicht verpflichtet an einem Streitbeilegungsverfahren vor einer Verbraucherstreitschlichtungsstelle teilzunehmen.<\/p>\n\n\n\n<h2 class=\"wp-block-heading\" id=\"m174\">Verbraucherstreitbeilegung<\/h2>\n\n\n\n<h2 class=\"wp-block-heading\" id=\"m172\">Social Media und andere Onlinepr\u00e4senzen<\/h2>\n\n\n\n<p>Dieses Impressum gilt auch f\u00fcr die folgenden Social-Media-Pr\u00e4senzen und Onlineprofile:<\/p>\n\n\n\n<p><a href=\"https:\/\/www.instagram.com\/soultrain.munich\">https:\/\/www.instagram.com\/soultrain.munich<\/a><\/p>\n\n\n\n<h2 class=\"wp-block-heading\" id=\"m5234\">Vorbehalt der Nutzung f\u00fcr Text und Data Mining<\/h2>\n\n\n\n<p>Vorbehalt der Nutzung f\u00fcr Text und Data Mining: Der Inhaber dieser Website gestattet die Nutzung oder das Herunterladen von Inhalten dieser Website durch Dritte f\u00fcr die Entwicklung, das Training oder den Betrieb von k\u00fcnstlicher Intelligenz oder anderen maschinellen Lernsystemen (&#8220;Text und Data Mining&#8221;) ausschlie\u00dflich mit ausdr\u00fccklicher schriftlicher Zustimmung des Inhabers. Ohne eine solche Zustimmung ist es untersagt, die Inhalte f\u00fcr Text und Data Mining zu verwenden. Dies gilt auch, wenn auf der Website keine Meta-Angaben vorhanden sind, die entsprechende Verfahren aussperren, und selbst dann, wenn Bots, die den Zweck haben, die Website zu Zwecken des Text und Data Mining auszulesen, nicht ausgesperrt werden.<\/p>\n\n\n\n<h2 class=\"wp-block-heading\" id=\"m65\">Haftungs- und Schutzrechtshinweise<\/h2>\n\n\n\n<p>Links auf fremde Webseiten: Die Inhalte fremder Webseiten, auf die wir direkt oder indirekt verweisen, liegen au\u00dferhalb unseres Verantwortungsbereiches und wir machen sie uns nicht zu Eigen. F\u00fcr alle Inhalte und Nachteile, die aus der Nutzung der in den verlinkten Webseiten aufrufbaren Informationen entstehen, \u00fcbernehmen wir keine Verantwortung.<\/p>\n\n\n\n<p>Hinweise auf Rechtsverst\u00f6\u00dfe: Sollten Sie innerhalb unseres Internetauftritts Rechtsverst\u00f6\u00dfe bemerken, bitten wir Sie uns auf diese hinzuweisen. Wir werden rechtswidrige Inhalte und Links nach Kenntnisnahme unverz\u00fcglich entfernen.<\/p>\n\n\n\n<h2 class=\"wp-block-heading\">Webentwickler<\/h2>\n\n\n\n<p>Diese Website wurde entwickelt von Herud-Web<\/p>\n\n\n\n<p><a href=\"https:\/\/herud-web.de\">herud-web.de<\/a><\/p>\n\n\n\n<h2 class=\"wp-block-heading\" id=\"m169\">Bildnachweise<\/h2>\n\n\n\n<p>Bildquellen und Urheberrechtshinweise:<\/p>\n\n\n\n<p>Stockfotos: <a href=\"https:\/\/lagree-fitness.com\">lagree-fitness.com<\/a><\/p>\n\n\n\n<p><a href=\"https:\/\/datenschutz-generator.de\/\" target=\"_blank\" rel=\"noreferrer noopener\">Erstellt mit kostenlosem Datenschutz-Generator.de von Dr. Thomas Schwenke<\/a><\/p>","protected":false},"excerpt":{"rendered":"<p>Diensteanbieter SoultrainErzgie\u00dfereistra\u00dfe 180335 M\u00fcnchen Deutschland Kontaktm\u00f6glichkeiten E-Mail-Adresse: hello@soultrain-munich.com Telefon: +49 1520 2574930 Vertretungsberechtigte Personen Vertretungsberechtigt: Marie Neubauer (Gesch\u00e4ftsf\u00fchrerin) Angaben zum Unternehmen Umsatzsteuer Identifikationsnummer (USt-ID): DE452615870 Wirtschafts-Identifikationsnummer (W-IdNr): DE452615870 Wir sind nicht bereit und nicht verpflichtet an einem Streitbeilegungsverfahren vor einer Verbraucherstreitschlichtungsstelle teilzunehmen. Verbraucherstreitbeilegung Social Media und andere Onlinepr\u00e4senzen Dieses Impressum gilt auch f\u00fcr die folgenden [&hellip;]<\/p>","protected":false},"author":1,"featured_media":0,"parent":0,"menu_order":0,"comment_status":"closed","ping_status":"closed","template":"","meta":{"om_disable_all_campaigns":false,"_monsterinsights_skip_tracking":false,"_monsterinsights_sitenote_active":false,"_monsterinsights_sitenote_note":"","_monsterinsights_sitenote_category":0,"footnotes":""},"class_list":["post-176","page","type-page","status-publish","hentry"],"aioseo_notices":[],"_links":{"self":[{"href":"https:\/\/soultrain-munich.com\/de\/wp-json\/wp\/v2\/pages\/176","targetHints":{"allow":["GET"]}}],"collection":[{"href":"https:\/\/soultrain-munich.com\/de\/wp-json\/wp\/v2\/pages"}],"about":[{"href":"https:\/\/soultrain-munich.com\/de\/wp-json\/wp\/v2\/types\/page"}],"author":[{"embeddable":true,"href":"https:\/\/soultrain-munich.com\/de\/wp-json\/wp\/v2\/users\/1"}],"replies":[{"embeddable":true,"href":"https:\/\/soultrain-munich.com\/de\/wp-json\/wp\/v2\/comments?post=176"}],"version-history":[{"count":1,"href":"https:\/\/soultrain-munich.com\/de\/wp-json\/wp\/v2\/pages\/176\/revisions"}],"predecessor-version":[{"id":177,"href":"https:\/\/soultrain-munich.com\/de\/wp-json\/wp\/v2\/pages\/176\/revisions\/177"}],"wp:attachment":[{"href":"https:\/\/soultrain-munich.com\/de\/wp-json\/wp\/v2\/media?parent=176"}],"curies":[{"name":"wp","href":"https:\/\/api.w.org\/{rel}","templated":true}]}}